{"id":19,"date":"2020-08-18T11:37:37","date_gmt":"2020-08-18T09:37:37","guid":{"rendered":"http:\/\/cinqasf.cluster029.hosting.ovh.net\/?page_id=19"},"modified":"2020-08-19T12:12:05","modified_gmt":"2020-08-19T10:12:05","slug":"a-propos-de","status":"publish","type":"page","link":"https:\/\/www.cinqassurances.fr\/index.php\/a-propos-de\/","title":{"rendered":"\u00c0 propos de"},"content":{"rendered":"\n<p>CINQ a \u00e9t\u00e9 fond\u00e9 et est dirig\u00e9 par Marc TREMBLAY.<\/p>\n\n\n\n<p>Franco-Canadien, Marc est un ancien dirigeant de soci\u00e9t\u00e9 d&rsquo;assurance et de r\u00e9assurance en France.<\/p>\n\n\n\n<p>Il est <a rel=\"noreferrer noopener\" href=\"https:\/\/fr.wikipedia.org\/wiki\/Actuaire\" data-type=\"URL\" data-id=\"https:\/\/fr.wikipedia.org\/wiki\/Actuaire\" target=\"_blank\">actuaire<\/a> de formation et poss\u00e8de plus de 20 ans d&rsquo;exp\u00e9rience dans le monde de l&rsquo;assurance.  C&rsquo;est un parfait connaisseur de tous les acteurs et intervenants de ce march\u00e9.<\/p>\n\n\n\n<p>Marc mettra toute son exp\u00e9rience et ses connaissances \u00e0 votre service afin d&rsquo;\u00e9laborer les solutions d&rsquo;assurances les plus adapt\u00e9s, tout en conservant une relation client de proximit\u00e9.<\/p>\n\n\n\n<figure class=\"wp-block-image size-large\"><img decoding=\"async\" loading=\"lazy\" width=\"488\" height=\"771\" src=\"http:\/\/cinqasf.cluster029.hosting.ovh.net\/wp-content\/uploads\/2020\/08\/Marc.jpg\" alt=\"\" class=\"wp-image-62\" srcset=\"https:\/\/www.cinqassurances.fr\/wp-content\/uploads\/2020\/08\/Marc.jpg 488w, https:\/\/www.cinqassurances.fr\/wp-content\/uploads\/2020\/08\/Marc-190x300.jpg 190w\" sizes=\"(max-width: 488px) 100vw, 488px\" \/><\/figure>\n","protected":false},"excerpt":{"rendered":"<p>CINQ a \u00e9t\u00e9 fond\u00e9 et est dirig\u00e9 par Marc TREMBLAY. Franco-Canadien, Marc est un ancien dirigeant de soci\u00e9t\u00e9 d&rsquo;assurance et de r\u00e9assurance en France. Il est actuaire de formation et poss\u00e8de plus de 20 ans d&rsquo;exp\u00e9rience dans le monde de l&rsquo;assurance. C&rsquo;est un parfait connaisseur de tous les acteurs et intervenants de ce march\u00e9. Marc &hellip; <\/p>\n<p class=\"link-more\"><a href=\"https:\/\/www.cinqassurances.fr\/index.php\/a-propos-de\/\" class=\"more-link\">Continuer la lecture<span class=\"screen-reader-text\"> de &laquo;&nbsp;\u00c0 propos de&nbsp;&raquo;<\/span><\/a><\/p>\n","protected":false},"author":1,"featured_media":69,"parent":0,"menu_order":0,"comment_status":"closed","ping_status":"closed","template":"","meta":[],"_links":{"self":[{"href":"https:\/\/www.cinqassurances.fr\/index.php\/wp-json\/wp\/v2\/pages\/19"}],"collection":[{"href":"https:\/\/www.cinqassurances.fr\/index.php\/wp-json\/wp\/v2\/pages"}],"about":[{"href":"https:\/\/www.cinqassurances.fr\/index.php\/wp-json\/wp\/v2\/types\/page"}],"author":[{"embeddable":true,"href":"https:\/\/www.cinqassurances.fr\/index.php\/wp-json\/wp\/v2\/users\/1"}],"replies":[{"embeddable":true,"href":"https:\/\/www.cinqassurances.fr\/index.php\/wp-json\/wp\/v2\/comments?post=19"}],"version-history":[{"count":5,"href":"https:\/\/www.cinqassurances.fr\/index.php\/wp-json\/wp\/v2\/pages\/19\/revisions"}],"predecessor-version":[{"id":64,"href":"https:\/\/www.cinqassurances.fr\/index.php\/wp-json\/wp\/v2\/pages\/19\/revisions\/64"}],"wp:featuredmedia":[{"embeddable":true,"href":"https:\/\/www.cinqassurances.fr\/index.php\/wp-json\/wp\/v2\/media\/69"}],"wp:attachment":[{"href":"https:\/\/www.cinqassurances.fr\/index.php\/wp-json\/wp\/v2\/media?parent=19"}],"curies":[{"name":"wp","href":"https:\/\/api.w.org\/{rel}","templated":true}]}}