{"id":18,"date":"2020-08-18T11:37:37","date_gmt":"2020-08-18T09:37:37","guid":{"rendered":"http:\/\/cinqasf.cluster029.hosting.ovh.net\/?page_id=18"},"modified":"2020-08-19T10:27:10","modified_gmt":"2020-08-19T08:27:10","slug":"accueil","status":"publish","type":"page","link":"https:\/\/www.cinqassurances.fr\/","title":{"rendered":"Accueil"},"content":{"rendered":"\n<h3 class=\"wp-block-heading\">CINQ est un Courtier &amp; Conseil en assurances, au service des particuliers, des professionnels et des entreprises.<\/h3>\n\n\n\n<p>Que vous soyez salari\u00e9, chef d\u2019entreprise, profession lib\u00e9ral ou encore freelance, nous sommes l\u00e0 pour prot\u00e9ger et assurer votre famille, vos biens ou votre entreprise.<\/p>\n\n\n\n<p>Forts d\u2019une longue exp\u00e9rience, nous mettons tout notre professionnalisme au service de chaque client et adaptons notre travail en fonction des besoins et des objectifs de chacun.<\/p>\n\n\n\n<p>Nous \u00e9laborons des solutions d\u2019assurances sur-mesure et haut de gamme afin de couvrir l\u2019ensemble de vos besoins actuels et futurs.<\/p>\n","protected":false},"excerpt":{"rendered":"<p>CINQ est un Courtier &amp; Conseil en assurances, au service des particuliers, des professionnels et des entreprises. Que vous soyez salari\u00e9, chef d\u2019entreprise, profession lib\u00e9ral ou encore freelance, nous sommes l\u00e0 pour prot\u00e9ger et assurer votre famille, vos biens ou votre entreprise. Forts d\u2019une longue exp\u00e9rience, nous mettons tout notre professionnalisme au service de chaque &hellip; <\/p>\n<p class=\"link-more\"><a href=\"https:\/\/www.cinqassurances.fr\/\" class=\"more-link\">Continuer la lecture<span class=\"screen-reader-text\"> de &laquo;&nbsp;Accueil&nbsp;&raquo;<\/span><\/a><\/p>\n","protected":false},"author":1,"featured_media":0,"parent":0,"menu_order":0,"comment_status":"closed","ping_status":"closed","template":"","meta":[],"_links":{"self":[{"href":"https:\/\/www.cinqassurances.fr\/index.php\/wp-json\/wp\/v2\/pages\/18"}],"collection":[{"href":"https:\/\/www.cinqassurances.fr\/index.php\/wp-json\/wp\/v2\/pages"}],"about":[{"href":"https:\/\/www.cinqassurances.fr\/index.php\/wp-json\/wp\/v2\/types\/page"}],"author":[{"embeddable":true,"href":"https:\/\/www.cinqassurances.fr\/index.php\/wp-json\/wp\/v2\/users\/1"}],"replies":[{"embeddable":true,"href":"https:\/\/www.cinqassurances.fr\/index.php\/wp-json\/wp\/v2\/comments?post=18"}],"version-history":[{"count":5,"href":"https:\/\/www.cinqassurances.fr\/index.php\/wp-json\/wp\/v2\/pages\/18\/revisions"}],"predecessor-version":[{"id":58,"href":"https:\/\/www.cinqassurances.fr\/index.php\/wp-json\/wp\/v2\/pages\/18\/revisions\/58"}],"wp:attachment":[{"href":"https:\/\/www.cinqassurances.fr\/index.php\/wp-json\/wp\/v2\/media?parent=18"}],"curies":[{"name":"wp","href":"https:\/\/api.w.org\/{rel}","templated":true}]}}